{"id":257,"date":"2023-11-27T10:50:14","date_gmt":"2023-11-27T10:50:14","guid":{"rendered":"http:\/\/localhost\/mhn\/?page_id=257"},"modified":"2023-11-27T10:57:47","modified_gmt":"2023-11-27T10:57:47","slug":"noticias","status":"publish","type":"page","link":"https:\/\/gridmz.com\/showbox\/mhn\/?page_id=257","title":{"rendered":"Not\u00edcias"},"content":{"rendered":"\t\t<div data-elementor-type=\"wp-page\" data-elementor-id=\"257\" class=\"elementor elementor-257\">\n\t\t\t\t\t\t\t<div class=\"elementor-element elementor-element-17532a3 e-flex e-con-boxed e-con e-parent\" data-id=\"17532a3\" data-element_type=\"container\" data-settings=\"{&quot;content_width&quot;:&quot;boxed&quot;}\" data-core-v316-plus=\"true\">\n\t\t\t\t\t<div class=\"e-con-inner\">\n\t\t\t\t<div class=\"elementor-element elementor-element-1e60eae elementor-widget elementor-widget-heading\" data-id=\"1e60eae\" data-element_type=\"widget\" data-widget_type=\"heading.default\">\n\t\t\t\t<div class=\"elementor-widget-container\">\n\t\t\t<style>\/*! elementor - v3.18.0 - 20-12-2023 *\/\n.elementor-heading-title{padding:0;margin:0;line-height:1}.elementor-widget-heading .elementor-heading-title[class*=elementor-size-]>a{color:inherit;font-size:inherit;line-height:inherit}.elementor-widget-heading .elementor-heading-title.elementor-size-small{font-size:15px}.elementor-widget-heading .elementor-heading-title.elementor-size-medium{font-size:19px}.elementor-widget-heading .elementor-heading-title.elementor-size-large{font-size:29px}.elementor-widget-heading .elementor-heading-title.elementor-size-xl{font-size:39px}.elementor-widget-heading .elementor-heading-title.elementor-size-xxl{font-size:59px}<\/style><h2 class=\"elementor-heading-title elementor-size-default\">Not\u00edcias<\/h2>\t\t<\/div>\n\t\t\t\t<\/div>\n\t\t\t\t<div class=\"elementor-element elementor-element-25a8491 elementor-grid-eael-col-3 elementor-grid-tablet-eael-col-2 elementor-grid-mobile-eael-col-1 elementor-widget elementor-widget-eael-post-grid\" data-id=\"25a8491\" data-element_type=\"widget\" data-settings=\"{&quot;eael_post_grid_columns&quot;:&quot;eael-col-3&quot;,&quot;eael_post_grid_columns_tablet&quot;:&quot;eael-col-2&quot;,&quot;eael_post_grid_columns_mobile&quot;:&quot;eael-col-1&quot;}\" data-widget_type=\"eael-post-grid.default\">\n\t\t\t\t<div class=\"elementor-widget-container\">\n\t\t\t<div id=\"eael-post-grid-25a8491\" class=\"eael-post-grid-container\">\n            <div class=\"eael-post-grid eael-post-appender eael-post-appender-25a8491 eael-post-grid-style-default\" data-layout-mode=\"masonry\"><article class=\"eael-grid-post eael-post-grid-column\" data-id=\"234\">\n        <div class=\"eael-grid-post-holder\">\n            <div class=\"eael-grid-post-holder-inner\"><div class=\"eael-entry-media\"><div class=\"eael-entry-overlay fade-in\"><i class=\"fas fa-long-arrow-alt-right\" aria-hidden=\"true\"><\/i><a href=\"https:\/\/gridmz.com\/showbox\/mhn\/?p=234\"><\/a><\/div><div class=\"eael-entry-thumbnail \">\n                <img fetchpriority=\"high\" decoding=\"async\" width=\"300\" height=\"179\" src=\"https:\/\/localhost\/mhn\/wp-content\/uploads\/2023\/11\/Abertura-300x179.png\" class=\"attachment-medium size-medium wp-image-235\" alt=\"\" srcset=\"http:\/\/localhost\/mhn\/wp-content\/uploads\/2023\/11\/Abertura-300x179.png 300w, http:\/\/localhost\/mhn\/wp-content\/uploads\/2023\/11\/Abertura.png 662w\" sizes=\"(max-width: 300px) 100vw, 300px\" \/>\n            <\/div>\n        <\/div><div class=\"eael-entry-wrapper\"><header class=\"eael-entry-header\"><h3 class=\"eael-entry-title\"><a\n                        class=\"eael-grid-post-link\"\n                        href=\"https:\/\/gridmz.com\/showbox\/mhn\/?p=234\"\n                        title=\"Museu de Hist\u00f3ria Natural celebra 110 anos de exist\u00eancia\">Museu de Hist\u00f3ria Natural celebra 110 anos de exist\u00eancia<\/a><\/h3><\/header><div class=\"eael-entry-content\">\n                        <div class=\"eael-grid-post-excerpt\"><p>O Museu de Hist\u00f3ria Natural, unidade adstrita \u00e0 Universidade Eduardo Mondlane, completou 110 anos da sua exist\u00eancia, no dia 5 de Julho do corrente ano, e as suas celebra\u00e7\u00f5es aconteceram nesta Segunda-feira (9\/10), momento que contou com a presen\u00e7a de diversas individualidades de distintas \u00e1reas de actua\u00e7\u00e3o.As actividades comemorativas foram...<\/p><a\n                            href=\"https:\/\/gridmz.com\/showbox\/mhn\/?p=234\"\n                            class=\"eael-post-elements-readmore-btn\">Ler mais ...<\/a><\/div>\n                    <\/div><\/div><\/div>\n        <\/div>\n    <\/article><article class=\"eael-grid-post eael-post-grid-column\" data-id=\"232\">\n        <div class=\"eael-grid-post-holder\">\n            <div class=\"eael-grid-post-holder-inner\"><div class=\"eael-entry-media\"><div class=\"eael-entry-overlay fade-in\"><i class=\"fas fa-long-arrow-alt-right\" aria-hidden=\"true\"><\/i><a href=\"https:\/\/gridmz.com\/showbox\/mhn\/?p=232\"><\/a><\/div><div class=\"eael-entry-thumbnail \">\n                <img decoding=\"async\" width=\"300\" height=\"111\" src=\"https:\/\/localhost\/mhn\/wp-content\/uploads\/2023\/11\/slide-two-300x111.jpg\" class=\"attachment-medium size-medium wp-image-158\" alt=\"\" srcset=\"http:\/\/localhost\/mhn\/wp-content\/uploads\/2023\/11\/slide-two-300x111.jpg 300w, http:\/\/localhost\/mhn\/wp-content\/uploads\/2023\/11\/slide-two-1024x378.jpg 1024w, http:\/\/localhost\/mhn\/wp-content\/uploads\/2023\/11\/slide-two-768x284.jpg 768w, http:\/\/localhost\/mhn\/wp-content\/uploads\/2023\/11\/slide-two-1536x567.jpg 1536w, http:\/\/localhost\/mhn\/wp-content\/uploads\/2023\/11\/slide-two-2048x756.jpg 2048w, http:\/\/localhost\/mhn\/wp-content\/uploads\/2023\/11\/slide-two-scaled-1140x420.jpg 1140w, http:\/\/localhost\/mhn\/wp-content\/uploads\/2023\/11\/slide-two-scaled-620x228.jpg 620w, http:\/\/localhost\/mhn\/wp-content\/uploads\/2023\/11\/slide-two-scaled-400x147.jpg 400w\" sizes=\"(max-width: 300px) 100vw, 300px\" \/>\n            <\/div>\n        <\/div><div class=\"eael-entry-wrapper\"><header class=\"eael-entry-header\"><h3 class=\"eael-entry-title\"><a\n                        class=\"eael-grid-post-link\"\n                        href=\"https:\/\/gridmz.com\/showbox\/mhn\/?p=232\"\n                        title=\"No Parque Nacional de Gorongosa: Investigador prev\u00ea perda de integridade gen\u00e9tica de esp\u00e9cies\">No Parque Nacional de Gorongosa: Investigador prev\u00ea perda de integridade gen\u00e9tica de esp\u00e9cies<\/a><\/h3><\/header><div class=\"eael-entry-content\">\n                        <div class=\"eael-grid-post-excerpt\"><p>O investigador do Museu de Hist\u00f3ria Natural da UEM, Doutor Carlos Bento, defendeu que a integridade gen\u00e9tica de algumas esp\u00e9cies de animais, como \u00e9 o caso de b\u00fafalo africano, pode estar em risco, devido aos problemas de transmuta\u00e7\u00e3o em alguns locais como Parque Nacional de Gorongosa.Explicou que, com a retirada...<\/p><a\n                            href=\"https:\/\/gridmz.com\/showbox\/mhn\/?p=232\"\n                            class=\"eael-post-elements-readmore-btn\">Ler mais ...<\/a><\/div>\n                    <\/div><\/div><\/div>\n        <\/div>\n    <\/article><\/div>\n            <div class=\"clearfix\"><\/div>\n        <\/div>\t\t<\/div>\n\t\t\t\t<\/div>\n\t\t\t\t\t<\/div>\n\t\t\t\t<\/div>\n\t\t\t\t\t\t\t<\/div>\n\t\t","protected":false},"excerpt":{"rendered":"<p>Not\u00edcias Museu de Hist\u00f3ria Natural celebra 110 anos de exist\u00eancia O Museu de Hist\u00f3ria Natural, unidade adstrita \u00e0 Universidade Eduardo Mondlane, completou 110 anos da sua exist\u00eancia, no dia 5 de Julho do corrente ano, e as suas celebra\u00e7\u00f5es aconteceram nesta Segunda-feira (9\/10), momento que contou com a presen\u00e7a de diversas individualidades de distintas \u00e1reas [&hellip;]<\/p>\n","protected":false},"author":1,"featured_media":0,"parent":0,"menu_order":0,"comment_status":"closed","ping_status":"closed","template":"","meta":{"inline_featured_image":false,"site-sidebar-layout":"no-sidebar","site-content-layout":"","ast-site-content-layout":"full-width-container","site-content-style":"default","site-sidebar-style":"default","ast-global-header-display":"","ast-banner-title-visibility":"","ast-main-header-display":"","ast-hfb-above-header-display":"","ast-hfb-below-header-display":"","ast-hfb-mobile-header-display":"","site-post-title":"disabled","ast-breadcrumbs-content":"","ast-featured-img":"disabled","footer-sml-layout":"","theme-transparent-header-meta":"","adv-header-id-meta":"","stick-header-meta":"","header-above-stick-meta":"","header-main-stick-meta":"","header-below-stick-meta":"","astra-migrate-meta-layouts":"default","ast-page-background-enabled":"default","ast-page-background-meta":{"desktop":{"background-color":"var(--ast-global-color-4)","background-image":"","background-repeat":"repeat","background-position":"center center","background-size":"auto","background-attachment":"scroll","background-type":"","background-media":"","overlay-type":"","overlay-color":"","overlay-gradient":""},"tablet":{"background-color":"","background-image":"","background-repeat":"repeat","background-position":"center center","background-size":"auto","background-attachment":"scroll","background-type":"","background-media":"","overlay-type":"","overlay-color":"","overlay-gradient":""},"mobile":{"background-color":"","background-image":"","background-repeat":"repeat","background-position":"center center","background-size":"auto","background-attachment":"scroll","background-type":"","background-media":"","overlay-type":"","overlay-color":"","overlay-gradient":""}},"ast-content-background-meta":{"desktop":{"background-color":"var(--ast-global-color-5)","background-image":"","background-repeat":"repeat","background-position":"center center","background-size":"auto","background-attachment":"scroll","background-type":"","background-media":"","overlay-type":"","overlay-color":"","overlay-gradient":""},"tablet":{"background-color":"var(--ast-global-color-5)","background-image":"","background-repeat":"repeat","background-position":"center center","background-size":"auto","background-attachment":"scroll","background-type":"","background-media":"","overlay-type":"","overlay-color":"","overlay-gradient":""},"mobile":{"background-color":"var(--ast-global-color-5)","background-image":"","background-repeat":"repeat","background-position":"center center","background-size":"auto","background-attachment":"scroll","background-type":"","background-media":"","overlay-type":"","overlay-color":"","overlay-gradient":""}},"footnotes":""},"_links":{"self":[{"href":"https:\/\/gridmz.com\/showbox\/mhn\/index.php?rest_route=\/wp\/v2\/pages\/257"}],"collection":[{"href":"https:\/\/gridmz.com\/showbox\/mhn\/index.php?rest_route=\/wp\/v2\/pages"}],"about":[{"href":"https:\/\/gridmz.com\/showbox\/mhn\/index.php?rest_route=\/wp\/v2\/types\/page"}],"author":[{"embeddable":true,"href":"https:\/\/gridmz.com\/showbox\/mhn\/index.php?rest_route=\/wp\/v2\/users\/1"}],"replies":[{"embeddable":true,"href":"https:\/\/gridmz.com\/showbox\/mhn\/index.php?rest_route=%2Fwp%2Fv2%2Fcomments&post=257"}],"version-history":[{"count":10,"href":"https:\/\/gridmz.com\/showbox\/mhn\/index.php?rest_route=\/wp\/v2\/pages\/257\/revisions"}],"predecessor-version":[{"id":267,"href":"https:\/\/gridmz.com\/showbox\/mhn\/index.php?rest_route=\/wp\/v2\/pages\/257\/revisions\/267"}],"wp:attachment":[{"href":"https:\/\/gridmz.com\/showbox\/mhn\/index.php?rest_route=%2Fwp%2Fv2%2Fmedia&parent=257"}],"curies":[{"name":"wp","href":"https:\/\/api.w.org\/{rel}","templated":true}]}}