{"id":69,"date":"2023-11-21T05:39:04","date_gmt":"2023-11-21T05:39:04","guid":{"rendered":"http:\/\/localhost\/mhn\/?page_id=69"},"modified":"2024-01-17T12:27:58","modified_gmt":"2024-01-17T12:27:58","slug":"exposicao","status":"publish","type":"page","link":"https:\/\/gridmz.com\/showbox\/mhn\/?page_id=69","title":{"rendered":"Exposi\u00e7\u00e3o"},"content":{"rendered":"\t\t<div data-elementor-type=\"wp-page\" data-elementor-id=\"69\" class=\"elementor elementor-69\">\n\t\t\t\t\t\t\t<div class=\"elementor-element elementor-element-e337389 e-flex e-con-boxed e-con e-parent\" data-id=\"e337389\" data-element_type=\"container\" data-settings=\"{&quot;background_background&quot;:&quot;classic&quot;,&quot;content_width&quot;:&quot;boxed&quot;}\" data-core-v316-plus=\"true\">\n\t\t\t\t\t<div class=\"e-con-inner\">\n\t\t\t\t\t<\/div>\n\t\t\t\t<\/div>\n\t\t<div class=\"elementor-element elementor-element-8fb1b3c e-flex e-con-boxed e-con e-parent\" data-id=\"8fb1b3c\" data-element_type=\"container\" data-settings=\"{&quot;content_width&quot;:&quot;boxed&quot;}\" data-core-v316-plus=\"true\">\n\t\t\t\t\t<div class=\"e-con-inner\">\n\t\t<div class=\"elementor-element elementor-element-ea7a3a7 e-flex e-con-boxed e-con e-child\" data-id=\"ea7a3a7\" data-element_type=\"container\" data-settings=\"{&quot;content_width&quot;:&quot;boxed&quot;}\">\n\t\t\t\t\t<div class=\"e-con-inner\">\n\t\t\t\t<div class=\"elementor-element elementor-element-25fb303 elementor-widget elementor-widget-heading\" data-id=\"25fb303\" data-element_type=\"widget\" data-widget_type=\"heading.default\">\n\t\t\t\t<div class=\"elementor-widget-container\">\n\t\t\t<style>\/*! elementor - v3.18.0 - 20-12-2023 *\/\n.elementor-heading-title{padding:0;margin:0;line-height:1}.elementor-widget-heading .elementor-heading-title[class*=elementor-size-]>a{color:inherit;font-size:inherit;line-height:inherit}.elementor-widget-heading .elementor-heading-title.elementor-size-small{font-size:15px}.elementor-widget-heading .elementor-heading-title.elementor-size-medium{font-size:19px}.elementor-widget-heading .elementor-heading-title.elementor-size-large{font-size:29px}.elementor-widget-heading .elementor-heading-title.elementor-size-xl{font-size:39px}.elementor-widget-heading .elementor-heading-title.elementor-size-xxl{font-size:59px}<\/style><h2 class=\"elementor-heading-title elementor-size-default\">Exposi\u00e7\u00e3o<\/h2>\t\t<\/div>\n\t\t\t\t<\/div>\n\t\t\t\t<div class=\"elementor-element elementor-element-7ca66b4 elementor-widget elementor-widget-text-editor\" data-id=\"7ca66b4\" data-element_type=\"widget\" data-widget_type=\"text-editor.default\">\n\t\t\t\t<div class=\"elementor-widget-container\">\n\t\t\t<style>\/*! elementor - v3.18.0 - 20-12-2023 *\/\n.elementor-widget-text-editor.elementor-drop-cap-view-stacked .elementor-drop-cap{background-color:#69727d;color:#fff}.elementor-widget-text-editor.elementor-drop-cap-view-framed .elementor-drop-cap{color:#69727d;border:3px solid;background-color:transparent}.elementor-widget-text-editor:not(.elementor-drop-cap-view-default) .elementor-drop-cap{margin-top:8px}.elementor-widget-text-editor:not(.elementor-drop-cap-view-default) .elementor-drop-cap-letter{width:1em;height:1em}.elementor-widget-text-editor .elementor-drop-cap{float:left;text-align:center;line-height:1;font-size:50px}.elementor-widget-text-editor .elementor-drop-cap-letter{display:inline-block}<\/style>\t\t\t\t<p>As colec\u00e7\u00f5es do Museu de Hist\u00f3ria Natural de Maputo ilustram alguns dos ambientes naturais em que os animais vivem e permitem visualizar o funcionamento do ecossistema e a intera\u00e7\u00e3o entre as diferentes esp\u00e9cies. <br \/>As colec\u00e7\u00f5es expostas s\u00e3o variadas, em alguns casos \u00fanicas no mundo, e compreendem cerca de 3.324 pe\u00e7as, entre mam\u00edferos, r\u00e9pteis, peixes, invertebrados marinhos e terrestres.<br \/>O Museu de Hist\u00f3ria Natural de Maputo integra ainda a cole\u00e7\u00e3o etnogr\u00e1fica que caracteriza os h\u00e1bitos culturais de alguns grupos sociais de Mo\u00e7ambique e objetos informativos usados para educa\u00e7\u00e3o ambiental. <br \/>As colec\u00e7\u00f5es do Museu s\u00e3o uma refer\u00eancia para a hist\u00f3ria de Mo\u00e7ambique, documentando os diferentes ecossistemas (marinhos e terrestres) que podemos encontrar em Mo\u00e7ambique. <br \/>Para al\u00e9m disso, o Museu de Hist\u00f3ria Natural de Maputo inclui v\u00e1rias colec\u00e7\u00f5es cient\u00edficas, incluindo numerosos hol\u00f3tipos e a mais rica cole\u00e7\u00e3o dedicada \u00e0 gesta\u00e7\u00e3o de elefantes, contendo 14 fetos de elefante do primeiro ao 22\u00ba m\u00eas de gesta\u00e7\u00e3o que data desde a Primeira Guerra Mundial. <br \/>O Museu de Hist\u00f3ria Natural de Maputo est\u00e1 a passar agora por um processo de transforma\u00e7\u00e3o que inclui uma requalifica\u00e7\u00e3o arquitet\u00f3nica e museol\u00f3gica, ambas com a finalidade de deixar o Museu mais moderno. Ap\u00f3s essa transforma\u00e7\u00e3o, o Museu, passar\u00e1 a contar com apresenta\u00e7\u00e3o hol\u00edstica do ecossistema, em que todos os v\u00e1rios habitats e animais de Mo\u00e7ambique ser\u00e3o mostrados na sua rela\u00e7\u00e3o natural, uma apresenta\u00e7\u00e3o da regi\u00e3o costeira contando tamb\u00e9m com a representa\u00e7\u00e3o da biodiversidade associada aos ambientes fluviais e ser\u00e1 destacada a rica biodiversidade das zonas perifluviais e perilacustres. Ser\u00e1 dedicado um amplo espa\u00e7o aos ambientes da Savana, que ser\u00e1 completado por numerosos pontos de aprofundamento. <br \/>Por \u00faltimo, gra\u00e7as \u00e0 reorganiza\u00e7\u00e3o dos espa\u00e7os que ser\u00e1 efectuada durante as obras de renova\u00e7\u00e3o, o Museu dispor\u00e1 de um espa\u00e7o dedicado a exposi\u00e7\u00f5es cronol\u00f3gicas desde as suas origens at\u00e9 \u00e0 atualidade e uma grande sala espec\u00edfica para exposi\u00e7\u00f5es tempor\u00e1rias.<\/p>\t\t\t\t\t\t<\/div>\n\t\t\t\t<\/div>\n\t\t\t\t\t<\/div>\n\t\t\t\t<\/div>\n\t\t\t\t\t<\/div>\n\t\t\t\t<\/div>\n\t\t\t\t\t\t\t<\/div>\n\t\t","protected":false},"excerpt":{"rendered":"<p>Exposi\u00e7\u00e3o As colec\u00e7\u00f5es do Museu de Hist\u00f3ria Natural de Maputo ilustram alguns dos ambientes naturais em que os animais vivem e permitem visualizar o funcionamento do ecossistema e a intera\u00e7\u00e3o entre as diferentes esp\u00e9cies. As colec\u00e7\u00f5es expostas s\u00e3o variadas, em alguns casos \u00fanicas no mundo, e compreendem cerca de 3.324 pe\u00e7as, entre mam\u00edferos, r\u00e9pteis, peixes, [&hellip;]<\/p>\n","protected":false},"author":1,"featured_media":0,"parent":0,"menu_order":0,"comment_status":"closed","ping_status":"closed","template":"","meta":{"inline_featured_image":false,"site-sidebar-layout":"no-sidebar","site-content-layout":"","ast-site-content-layout":"full-width-container","site-content-style":"default","site-sidebar-style":"default","ast-global-header-display":"","ast-banner-title-visibility":"","ast-main-header-display":"","ast-hfb-above-header-display":"","ast-hfb-below-header-display":"","ast-hfb-mobile-header-display":"","site-post-title":"disabled","ast-breadcrumbs-content":"","ast-featured-img":"disabled","footer-sml-layout":"","theme-transparent-header-meta":"","adv-header-id-meta":"","stick-header-meta":"","header-above-stick-meta":"","header-main-stick-meta":"","header-below-stick-meta":"","astra-migrate-meta-layouts":"default","ast-page-background-enabled":"default","ast-page-background-meta":{"desktop":{"background-color":"var(--ast-global-color-4)","background-image":"","background-repeat":"repeat","background-position":"center center","background-size":"auto","background-attachment":"scroll","background-type":"","background-media":"","overlay-type":"","overlay-color":"","overlay-gradient":""},"tablet":{"background-color":"","background-image":"","background-repeat":"repeat","background-position":"center center","background-size":"auto","background-attachment":"scroll","background-type":"","background-media":"","overlay-type":"","overlay-color":"","overlay-gradient":""},"mobile":{"background-color":"","background-image":"","background-repeat":"repeat","background-position":"center center","background-size":"auto","background-attachment":"scroll","background-type":"","background-media":"","overlay-type":"","overlay-color":"","overlay-gradient":""}},"ast-content-background-meta":{"desktop":{"background-color":"var(--ast-global-color-5)","background-image":"","background-repeat":"repeat","background-position":"center center","background-size":"auto","background-attachment":"scroll","background-type":"","background-media":"","overlay-type":"","overlay-color":"","overlay-gradient":""},"tablet":{"background-color":"var(--ast-global-color-5)","background-image":"","background-repeat":"repeat","background-position":"center center","background-size":"auto","background-attachment":"scroll","background-type":"","background-media":"","overlay-type":"","overlay-color":"","overlay-gradient":""},"mobile":{"background-color":"var(--ast-global-color-5)","background-image":"","background-repeat":"repeat","background-position":"center center","background-size":"auto","background-attachment":"scroll","background-type":"","background-media":"","overlay-type":"","overlay-color":"","overlay-gradient":""}},"footnotes":""},"_links":{"self":[{"href":"https:\/\/gridmz.com\/showbox\/mhn\/index.php?rest_route=\/wp\/v2\/pages\/69"}],"collection":[{"href":"https:\/\/gridmz.com\/showbox\/mhn\/index.php?rest_route=\/wp\/v2\/pages"}],"about":[{"href":"https:\/\/gridmz.com\/showbox\/mhn\/index.php?rest_route=\/wp\/v2\/types\/page"}],"author":[{"embeddable":true,"href":"https:\/\/gridmz.com\/showbox\/mhn\/index.php?rest_route=\/wp\/v2\/users\/1"}],"replies":[{"embeddable":true,"href":"https:\/\/gridmz.com\/showbox\/mhn\/index.php?rest_route=%2Fwp%2Fv2%2Fcomments&post=69"}],"version-history":[{"count":4,"href":"https:\/\/gridmz.com\/showbox\/mhn\/index.php?rest_route=\/wp\/v2\/pages\/69\/revisions"}],"predecessor-version":[{"id":445,"href":"https:\/\/gridmz.com\/showbox\/mhn\/index.php?rest_route=\/wp\/v2\/pages\/69\/revisions\/445"}],"wp:attachment":[{"href":"https:\/\/gridmz.com\/showbox\/mhn\/index.php?rest_route=%2Fwp%2Fv2%2Fmedia&parent=69"}],"curies":[{"name":"wp","href":"https:\/\/api.w.org\/{rel}","templated":true}]}}