{"id":73,"date":"2023-11-21T05:40:47","date_gmt":"2023-11-21T05:40:47","guid":{"rendered":"http:\/\/localhost\/mhn\/?page_id=73"},"modified":"2024-01-17T13:29:42","modified_gmt":"2024-01-17T13:29:42","slug":"solicitar-coleccoes","status":"publish","type":"page","link":"https:\/\/gridmz.com\/showbox\/mhn\/?page_id=73","title":{"rendered":"Solicitar colec\u00e7\u00f5es"},"content":{"rendered":"\t\t<div data-elementor-type=\"wp-page\" data-elementor-id=\"73\" class=\"elementor elementor-73\">\n\t\t\t\t\t\t\t<div class=\"elementor-element elementor-element-d9c7f01 e-flex e-con-boxed e-con e-parent\" data-id=\"d9c7f01\" data-element_type=\"container\" data-settings=\"{&quot;background_background&quot;:&quot;classic&quot;,&quot;content_width&quot;:&quot;boxed&quot;}\" data-core-v316-plus=\"true\">\n\t\t\t\t\t<div class=\"e-con-inner\">\n\t\t\t\t\t<\/div>\n\t\t\t\t<\/div>\n\t\t<div class=\"elementor-element elementor-element-781a594 e-flex e-con-boxed e-con e-parent\" data-id=\"781a594\" data-element_type=\"container\" data-settings=\"{&quot;content_width&quot;:&quot;boxed&quot;}\" data-core-v316-plus=\"true\">\n\t\t\t\t\t<div class=\"e-con-inner\">\n\t\t\t\t<div class=\"elementor-element elementor-element-c953459 elementor-widget elementor-widget-heading\" data-id=\"c953459\" data-element_type=\"widget\" data-widget_type=\"heading.default\">\n\t\t\t\t<div class=\"elementor-widget-container\">\n\t\t\t<style>\/*! elementor - v3.18.0 - 20-12-2023 *\/\n.elementor-heading-title{padding:0;margin:0;line-height:1}.elementor-widget-heading .elementor-heading-title[class*=elementor-size-]>a{color:inherit;font-size:inherit;line-height:inherit}.elementor-widget-heading .elementor-heading-title.elementor-size-small{font-size:15px}.elementor-widget-heading .elementor-heading-title.elementor-size-medium{font-size:19px}.elementor-widget-heading .elementor-heading-title.elementor-size-large{font-size:29px}.elementor-widget-heading .elementor-heading-title.elementor-size-xl{font-size:39px}.elementor-widget-heading .elementor-heading-title.elementor-size-xxl{font-size:59px}<\/style><h2 class=\"elementor-heading-title elementor-size-default\">Formul\u00e1rio de Solicita\u00e7\u00e3o de Acesso \u00e0s Colec\u00e7\u00f5es Cient\u00edficas <\/h2>\t\t<\/div>\n\t\t\t\t<\/div>\n\t\t\t\t<div class=\"elementor-element elementor-element-58e9230 elementor-widget elementor-widget-text-editor\" data-id=\"58e9230\" data-element_type=\"widget\" data-widget_type=\"text-editor.default\">\n\t\t\t\t<div class=\"elementor-widget-container\">\n\t\t\t<style>\/*! elementor - v3.18.0 - 20-12-2023 *\/\n.elementor-widget-text-editor.elementor-drop-cap-view-stacked .elementor-drop-cap{background-color:#69727d;color:#fff}.elementor-widget-text-editor.elementor-drop-cap-view-framed .elementor-drop-cap{color:#69727d;border:3px solid;background-color:transparent}.elementor-widget-text-editor:not(.elementor-drop-cap-view-default) .elementor-drop-cap{margin-top:8px}.elementor-widget-text-editor:not(.elementor-drop-cap-view-default) .elementor-drop-cap-letter{width:1em;height:1em}.elementor-widget-text-editor .elementor-drop-cap{float:left;text-align:center;line-height:1;font-size:50px}.elementor-widget-text-editor .elementor-drop-cap-letter{display:inline-block}<\/style>\t\t\t\t<p><strong>Instru\u00e7\u00f5es de Acesso<\/strong><br \/>Por favor, preencha e envie este formul\u00e1rio para o departamento respons\u00e1vel do Museu com anteced\u00eancia m\u00ednima de uma (1) semana antes da data desejada para acesso \u00e0s cole\u00e7\u00f5es. Certifique-se de entrar em contacto com a Secretaria do Museu para confirmar as cole\u00e7\u00f5es e para obter informa\u00e7\u00f5es sobre eventuais taxas, requisitos espec\u00edficos de acesso ou instru\u00e7\u00f5es especiais.<\/p><p><strong>Contacto do Museu<\/strong> <br \/>Telefone: +258 851432766 | E-mail: mhn@uem.mz<\/p>\t\t\t\t\t\t<\/div>\n\t\t\t\t<\/div>\n\t\t\t\t\t<\/div>\n\t\t\t\t<\/div>\n\t\t<div class=\"elementor-element elementor-element-180077a e-flex e-con-boxed e-con e-parent\" data-id=\"180077a\" data-element_type=\"container\" data-settings=\"{&quot;content_width&quot;:&quot;boxed&quot;}\" data-core-v316-plus=\"true\">\n\t\t\t\t\t<div class=\"e-con-inner\">\n\t\t\t\t<div class=\"elementor-element elementor-element-38232db elementor-widget elementor-widget-wp-widget-wpforms-widget\" data-id=\"38232db\" data-element_type=\"widget\" data-widget_type=\"wp-widget-wpforms-widget.default\">\n\t\t\t\t<div class=\"elementor-widget-container\">\n\t\t\t<div class=\"wpforms-container wpforms-container-full wpforms-render-modern\" id=\"wpforms-452\"><form id=\"wpforms-form-452\" class=\"wpforms-validate wpforms-form wpforms-ajax-form\" data-formid=\"452\" method=\"post\" enctype=\"multipart\/form-data\" action=\"\/showbox\/mhn\/index.php?rest_route=%2Fwp%2Fv2%2Fpages%2F73\" data-token=\"f6966791757d58a4a39bdbaa575917da\"><noscript class=\"wpforms-error-noscript\">Please enable JavaScript in your browser to complete this form.<\/noscript><div class=\"wpforms-hidden\" id=\"wpforms-error-noscript\">Please enable JavaScript in your browser to complete this form.<\/div><div class=\"wpforms-field-container\"><div id=\"wpforms-452-field_1-container\" class=\"wpforms-field wpforms-field-text\" data-field-id=\"1\"><label class=\"wpforms-field-label\" for=\"wpforms-452-field_1\">1. Nome do Solicitante <span class=\"wpforms-required-label\" aria-hidden=\"true\">*<\/span><\/label><input type=\"text\" id=\"wpforms-452-field_1\" class=\"wpforms-field-medium wpforms-field-required\" name=\"wpforms[fields][1]\" aria-errormessage=\"wpforms-452-field_1-error\" required><\/div><div id=\"wpforms-452-field_2-container\" class=\"wpforms-field wpforms-field-select wpforms-field-select-style-classic\" data-field-id=\"2\"><label class=\"wpforms-field-label\" for=\"wpforms-452-field_2\">2. Ocupa\u00e7\u00e3o <span class=\"wpforms-required-label\" aria-hidden=\"true\">*<\/span><\/label><select id=\"wpforms-452-field_2\" class=\"wpforms-field-medium wpforms-field-required\" name=\"wpforms[fields][2]\" required=\"required\"><option value=\"Estudante\" >Estudante<\/option><option value=\"Docente\" >Docente<\/option><option value=\"Investigador\" >Investigador<\/option><option value=\"Funcion\u00e1rio P\u00fablico\" >Funcion\u00e1rio P\u00fablico<\/option><option value=\"Trabalhador por conta de outrem\" >Trabalhador por conta de outrem<\/option><option value=\"Trabalhador por conta pr\u00f3pria\" >Trabalhador por conta pr\u00f3pria<\/option><option value=\"Outra\" >Outra<\/option><\/select><\/div><div id=\"wpforms-452-field_10-container\" class=\"wpforms-field wpforms-field-text\" data-field-id=\"10\"><label class=\"wpforms-field-label\" for=\"wpforms-452-field_10\">3. Telefone <span class=\"wpforms-required-label\" aria-hidden=\"true\">*<\/span><\/label><input type=\"text\" id=\"wpforms-452-field_10\" class=\"wpforms-field-medium wpforms-field-required\" name=\"wpforms[fields][10]\" aria-errormessage=\"wpforms-452-field_10-error\" required><\/div><div id=\"wpforms-452-field_4-container\" class=\"wpforms-field wpforms-field-email\" data-field-id=\"4\"><label class=\"wpforms-field-label\" for=\"wpforms-452-field_4\">4. Email <span class=\"wpforms-required-label\" aria-hidden=\"true\">*<\/span><\/label><input type=\"email\" id=\"wpforms-452-field_4\" class=\"wpforms-field-medium wpforms-field-required\" name=\"wpforms[fields][4]\" spellcheck=\"false\" aria-errormessage=\"wpforms-452-field_4-error\" required><\/div><div id=\"wpforms-452-field_5-container\" class=\"wpforms-field wpforms-field-text\" data-field-id=\"5\"><label class=\"wpforms-field-label\" for=\"wpforms-452-field_5\">5. Finalidade do Acesso (por exemplo, pesquisa ou desenvolvimento) <span class=\"wpforms-required-label\" aria-hidden=\"true\">*<\/span><\/label><input type=\"text\" id=\"wpforms-452-field_5\" class=\"wpforms-field-medium wpforms-field-required\" name=\"wpforms[fields][5]\" aria-errormessage=\"wpforms-452-field_5-error\" required><\/div><div id=\"wpforms-452-field_6-container\" class=\"wpforms-field wpforms-field-text\" data-field-id=\"6\"><label class=\"wpforms-field-label\" for=\"wpforms-452-field_6\">6. Descri\u00e7\u00e3o detalhada da finalidade do Acesso (Tecido ou Esp\u00e9cime) <span class=\"wpforms-required-label\" aria-hidden=\"true\">*<\/span><\/label><input type=\"text\" id=\"wpforms-452-field_6\" class=\"wpforms-field-medium wpforms-field-required\" name=\"wpforms[fields][6]\" aria-errormessage=\"wpforms-452-field_6-error\" required><\/div><div id=\"wpforms-452-field_7-container\" class=\"wpforms-field wpforms-field-text\" data-field-id=\"7\"><label class=\"wpforms-field-label\" for=\"wpforms-452-field_7\">7. Data prevista para Acesso <span class=\"wpforms-required-label\" aria-hidden=\"true\">*<\/span><\/label><input type=\"text\" id=\"wpforms-452-field_7\" class=\"wpforms-field-medium wpforms-field-required\" name=\"wpforms[fields][7]\" aria-errormessage=\"wpforms-452-field_7-error\" required><\/div><div id=\"wpforms-452-field_8-container\" class=\"wpforms-field wpforms-field-checkbox\" data-field-id=\"8\"><fieldset><legend class=\"wpforms-field-label\">Termo de Responsabilidade <span class=\"wpforms-required-label\" aria-hidden=\"true\">*<\/span><\/legend><ul id=\"wpforms-452-field_8\" class=\"wpforms-field-required\"><li class=\"choice-1 depth-1\"><input type=\"checkbox\" id=\"wpforms-452-field_8_1\" name=\"wpforms[fields][8][]\" value=\"Comprometo-me a utilizar as Cole\u00e7\u00f5es exclusivamente para os fins declarados acima. Entendo que qualquer desvio, perda ou danifica\u00e7\u00e3o s\u00e3o da minha responsabilidade.\" aria-errormessage=\"wpforms-452-field_8_1-error\" required ><label class=\"wpforms-field-label-inline\" for=\"wpforms-452-field_8_1\">Comprometo-me a utilizar as Cole\u00e7\u00f5es exclusivamente para os fins declarados acima. Entendo que qualquer desvio, perda ou danifica\u00e7\u00e3o s\u00e3o da minha responsabilidade.<\/label><\/li><\/ul><\/fieldset><\/div><\/div><!-- .wpforms-field-container --><div class=\"wpforms-submit-container\" ><input type=\"hidden\" name=\"wpforms[id]\" value=\"452\"><input type=\"hidden\" name=\"wpforms[author]\" value=\"1\"><button type=\"submit\" name=\"wpforms[submit]\" id=\"wpforms-submit-452\" class=\"wpforms-submit\" data-alt-text=\"Sending...\" data-submit-text=\"Enviar\" aria-live=\"assertive\" value=\"wpforms-submit\">Enviar<\/button><img decoding=\"async\" src=\"https:\/\/localhost\/mhn\/wp-content\/plugins\/wpforms-lite\/assets\/images\/submit-spin.svg\" class=\"wpforms-submit-spinner\" style=\"display: none;\" width=\"26\" height=\"26\" alt=\"Loading\"><\/div><\/form><\/div>  <!-- .wpforms-container -->\t\t<\/div>\n\t\t\t\t<\/div>\n\t\t\t\t\t<\/div>\n\t\t\t\t<\/div>\n\t\t\t\t\t\t\t<\/div>\n\t\t","protected":false},"excerpt":{"rendered":"<p>Formul\u00e1rio de Solicita\u00e7\u00e3o de Acesso \u00e0s Colec\u00e7\u00f5es Cient\u00edficas Instru\u00e7\u00f5es de AcessoPor favor, preencha e envie este formul\u00e1rio para o departamento respons\u00e1vel do Museu com anteced\u00eancia m\u00ednima de uma (1) semana antes da data desejada para acesso \u00e0s cole\u00e7\u00f5es. Certifique-se de entrar em contacto com a Secretaria do Museu para confirmar as cole\u00e7\u00f5es e para obter [&hellip;]<\/p>\n","protected":false},"author":1,"featured_media":0,"parent":0,"menu_order":0,"comment_status":"closed","ping_status":"closed","template":"","meta":{"inline_featured_image":false,"site-sidebar-layout":"no-sidebar","site-content-layout":"","ast-site-content-layout":"full-width-container","site-content-style":"default","site-sidebar-style":"default","ast-global-header-display":"","ast-banner-title-visibility":"","ast-main-header-display":"","ast-hfb-above-header-display":"","ast-hfb-below-header-display":"","ast-hfb-mobile-header-display":"","site-post-title":"disabled","ast-breadcrumbs-content":"","ast-featured-img":"disabled","footer-sml-layout":"","theme-transparent-header-meta":"","adv-header-id-meta":"","stick-header-meta":"","header-above-stick-meta":"","header-main-stick-meta":"","header-below-stick-meta":"","astra-migrate-meta-layouts":"default","ast-page-background-enabled":"default","ast-page-background-meta":{"desktop":{"background-color":"var(--ast-global-color-4)","background-image":"","background-repeat":"repeat","background-position":"center center","background-size":"auto","background-attachment":"scroll","background-type":"","background-media":"","overlay-type":"","overlay-color":"","overlay-gradient":""},"tablet":{"background-color":"","background-image":"","background-repeat":"repeat","background-position":"center center","background-size":"auto","background-attachment":"scroll","background-type":"","background-media":"","overlay-type":"","overlay-color":"","overlay-gradient":""},"mobile":{"background-color":"","background-image":"","background-repeat":"repeat","background-position":"center center","background-size":"auto","background-attachment":"scroll","background-type":"","background-media":"","overlay-type":"","overlay-color":"","overlay-gradient":""}},"ast-content-background-meta":{"desktop":{"background-color":"var(--ast-global-color-5)","background-image":"","background-repeat":"repeat","background-position":"center center","background-size":"auto","background-attachment":"scroll","background-type":"","background-media":"","overlay-type":"","overlay-color":"","overlay-gradient":""},"tablet":{"background-color":"var(--ast-global-color-5)","background-image":"","background-repeat":"repeat","background-position":"center center","background-size":"auto","background-attachment":"scroll","background-type":"","background-media":"","overlay-type":"","overlay-color":"","overlay-gradient":""},"mobile":{"background-color":"var(--ast-global-color-5)","background-image":"","background-repeat":"repeat","background-position":"center center","background-size":"auto","background-attachment":"scroll","background-type":"","background-media":"","overlay-type":"","overlay-color":"","overlay-gradient":""}},"footnotes":""},"_links":{"self":[{"href":"https:\/\/gridmz.com\/showbox\/mhn\/index.php?rest_route=\/wp\/v2\/pages\/73"}],"collection":[{"href":"https:\/\/gridmz.com\/showbox\/mhn\/index.php?rest_route=\/wp\/v2\/pages"}],"about":[{"href":"https:\/\/gridmz.com\/showbox\/mhn\/index.php?rest_route=\/wp\/v2\/types\/page"}],"author":[{"embeddable":true,"href":"https:\/\/gridmz.com\/showbox\/mhn\/index.php?rest_route=\/wp\/v2\/users\/1"}],"replies":[{"embeddable":true,"href":"https:\/\/gridmz.com\/showbox\/mhn\/index.php?rest_route=%2Fwp%2Fv2%2Fcomments&post=73"}],"version-history":[{"count":16,"href":"https:\/\/gridmz.com\/showbox\/mhn\/index.php?rest_route=\/wp\/v2\/pages\/73\/revisions"}],"predecessor-version":[{"id":469,"href":"https:\/\/gridmz.com\/showbox\/mhn\/index.php?rest_route=\/wp\/v2\/pages\/73\/revisions\/469"}],"wp:attachment":[{"href":"https:\/\/gridmz.com\/showbox\/mhn\/index.php?rest_route=%2Fwp%2Fv2%2Fmedia&parent=73"}],"curies":[{"name":"wp","href":"https:\/\/api.w.org\/{rel}","templated":true}]}}